{"id":85,"date":"2021-03-22T10:12:07","date_gmt":"2021-03-22T13:12:07","guid":{"rendered":"http:\/\/www.cdcipolletti.gob.ar\/wp\/?page_id=85"},"modified":"2021-03-22T10:24:41","modified_gmt":"2021-03-22T13:24:41","slug":"reglamento-interno","status":"publish","type":"page","link":"https:\/\/www.cdcipolletti.gob.ar\/?page_id=85","title":{"rendered":"Reglamento Interno"},"content":{"rendered":"<p><a href=\"wp-content\/uploads\/2021\/03\/resoluc.4-19-ANEXO-II-SEC.-ADMINISTRTIVA-Y-CONTABLE-CD.pdf\" target=\"_blank\" rel=\"noopener noreferrer\" style=\"text-decoration:none;font-weight:bold;\">PDF &#8211; Resoluci\u00f3n 4-19 ANEXO II SEC. ADMINISTRTIVA Y CONTABLE CD<\/a><\/p>\n<p><a href=\"wp-content\/uploads\/2021\/03\/resoluc.4-19-ANEXO-I-Reglamento-CD.pdf\" target=\"_blank\" rel=\"noopener noreferrer\" style=\"text-decoration:none;font-weight:bold;\">PDF &#8211; Resoluci\u00f3n 4-19 ANEXO I Reglamento CD<\/a><\/p>\n<p><a href=\"wp-content\/uploads\/2021\/03\/uno-1.pdf\" target=\"_blank\" rel=\"noopener noreferrer\" style=\"text-decoration:none;font-weight:bold;\">PDF &#8211; Resoluci\u00f3n 4-19 Cuadros Reglamento CD<\/a><\/p>\n<p><a href=\"wp-content\/uploads\/2021\/03\/resoluc.4-19-reglamento-interno-CD.pdf\" target=\"_blank\" rel=\"noopener noreferrer\" style=\"text-decoration:none;font-weight:bold;\">PDF &#8211; Resoluci\u00f3n 4-19 Reglamento interno CD<\/a><\/p>\n<p><a href=\"wp-content\/uploads\/2021\/03\/resolucion-4-2019.pdf\" target=\"_blank\" rel=\"noopener noreferrer\" style=\"text-decoration:none;font-weight:bold;\">PDF &#8211; Resoluci\u00f3n 4-19 Cuadros Secr. Leg. Reglamento CD<\/a><\/p>\n","protected":false},"excerpt":{"rendered":"<p>PDF &#8211; Resoluci\u00f3n 4-19 ANEXO II SEC. ADMINISTRTIVA Y CONTABLE CD PDF &#8211; Resoluci\u00f3n 4-19 ANEXO I Reglamento CD PDF &#8211; Resoluci\u00f3n 4-19 Cuadros Reglamento CD PDF &#8211; Resoluci\u00f3n 4-19 Reglamento interno CD PDF &#8211; Resoluci\u00f3n 4-19 Cuadros Secr. Leg. Reglamento CD<\/p>\n","protected":false},"author":1,"featured_media":0,"parent":0,"menu_order":0,"comment_status":"closed","ping_status":"closed","template":"","meta":[],"_links":{"self":[{"href":"https:\/\/www.cdcipolletti.gob.ar\/index.php?rest_route=\/wp\/v2\/pages\/85"}],"collection":[{"href":"https:\/\/www.cdcipolletti.gob.ar\/index.php?rest_route=\/wp\/v2\/pages"}],"about":[{"href":"https:\/\/www.cdcipolletti.gob.ar\/index.php?rest_route=\/wp\/v2\/types\/page"}],"author":[{"embeddable":true,"href":"https:\/\/www.cdcipolletti.gob.ar\/index.php?rest_route=\/wp\/v2\/users\/1"}],"replies":[{"embeddable":true,"href":"https:\/\/www.cdcipolletti.gob.ar\/index.php?rest_route=%2Fwp%2Fv2%2Fcomments&post=85"}],"version-history":[{"count":3,"href":"https:\/\/www.cdcipolletti.gob.ar\/index.php?rest_route=\/wp\/v2\/pages\/85\/revisions"}],"predecessor-version":[{"id":97,"href":"https:\/\/www.cdcipolletti.gob.ar\/index.php?rest_route=\/wp\/v2\/pages\/85\/revisions\/97"}],"wp:attachment":[{"href":"https:\/\/www.cdcipolletti.gob.ar\/index.php?rest_route=%2Fwp%2Fv2%2Fmedia&parent=85"}],"curies":[{"name":"wp","href":"https:\/\/api.w.org\/{rel}","templated":true}]}}