{"id":213,"date":"2021-04-08T12:28:43","date_gmt":"2021-04-08T15:28:43","guid":{"rendered":"http:\/\/www.cdcipolletti.gob.ar\/?page_id=213"},"modified":"2024-03-18T10:20:10","modified_gmt":"2024-03-18T13:20:10","slug":"concejales","status":"publish","type":"page","link":"https:\/\/www.cdcipolletti.gob.ar\/?page_id=213","title":{"rendered":"Concejales"},"content":{"rendered":"<h4>JUNTOS SOMOS R\u00cdO NEGRO<\/h4>\n<p><img loading=\"lazy\" class=\"aligncenter wp-image-1304 size-large\" src=\"https:\/\/www.cdcipolletti.gob.ar\/wp-content\/uploads\/2022\/08\/DSC_5406-1-1024x780.jpg\" alt=\"\" width=\"600\" height=\"457\" srcset=\"https:\/\/www.cdcipolletti.gob.ar\/wp-content\/uploads\/2022\/08\/DSC_5406-1-1024x780.jpg 1024w, https:\/\/www.cdcipolletti.gob.ar\/wp-content\/uploads\/2022\/08\/DSC_5406-1-300x228.jpg 300w, https:\/\/www.cdcipolletti.gob.ar\/wp-content\/uploads\/2022\/08\/DSC_5406-1-768x585.jpg 768w, https:\/\/www.cdcipolletti.gob.ar\/wp-content\/uploads\/2022\/08\/DSC_5406-1.jpg 1371w\" sizes=\"(max-width: 600px) 100vw, 600px\" \/><\/p>\n<div style=\"width: 100%; float: left; text-align: center;\">Silvana Larralde, cipole\u00f1a por adopci\u00f3n y vocaci\u00f3n. Madre de dos hijas adolescentes y estudiantes. Curs\u00f3 sus estudios primarios en las Escuelas N\u00aa 248 y N\u00aa 264; y la escuela secundaria en el Colegio N\u00aa17. Su pasi\u00f3n vocacional por el trabajo social comenz\u00f3 a muy temprana edad. Tuvo una activa participaci\u00f3n comunitaria desde Acciones Civiles, grupos Juveniles del Don Bosco, Clubes deportivos, Juntas vecinales. Ocup\u00f3 un cargo en el periodo 2004\/2011 en la Secretaria de Acci\u00f3n Social. Durante los a\u00f1os, 2011\/2015 fue concejal de la ciudad y en el per\u00edodo 2015\/2019 legisladora de la Provincia de R\u00edo Negro. Actualmente, ocupa el cargo de Presidente del Concejo Deliberante de la Ciudad de Cipolletti, desde el 10 de Diciembre del 2019. &#8220;Apuesto a una ciudad mejor, que se desarrolle y brinde mayores oportunidades a las nuevas generaciones. Para que esto suceda, su compromiso es trabajar incansablemente, durante los pr\u00f3ximos cuatro a\u00f1os&#8221;.<\/div>\n<div style=\"width: 100%; float: left; height: 2px; background-color: #cccccc; margin-top: 20px; margin-bottom: 20px;\"><\/div>\n<div><\/div>\n<div><\/div>\n<div><\/div>\n<div><\/div>\n<div><\/div>\n<div style=\"width: 100%; float: left; text-align: center;\"><img loading=\"lazy\" class=\"aligncenter wp-image-1301 size-large\" src=\"https:\/\/www.cdcipolletti.gob.ar\/wp-content\/uploads\/2022\/08\/DSC_2524-1024x683.jpg\" alt=\"\" width=\"600\" height=\"400\" srcset=\"https:\/\/www.cdcipolletti.gob.ar\/wp-content\/uploads\/2022\/08\/DSC_2524-1024x683.jpg 1024w, https:\/\/www.cdcipolletti.gob.ar\/wp-content\/uploads\/2022\/08\/DSC_2524-300x200.jpg 300w, https:\/\/www.cdcipolletti.gob.ar\/wp-content\/uploads\/2022\/08\/DSC_2524-768x512.jpg 768w, https:\/\/www.cdcipolletti.gob.ar\/wp-content\/uploads\/2022\/08\/DSC_2524-1536x1024.jpg 1536w, https:\/\/www.cdcipolletti.gob.ar\/wp-content\/uploads\/2022\/08\/DSC_2524.jpg 1620w\" sizes=\"(max-width: 600px) 100vw, 600px\" \/><\/div>\n<div><\/div>\n<div style=\"width: 100%; float: left; text-align: center;\">Lorena Yensen, abogada de 43 a\u00f1os . Trabaj\u00f3 en la asesor\u00eda legislativa del legislador Elbi Cides, luego empez\u00f3 a militar en el Movimiento Patag\u00f3nico Popular. &#8220;Cuando me convocaron para ser concejal, supe desde el primer momento que mi tarea iba a ser aportar mi grano de arena en el crecimiento de nuestra ciudad y solucionar los temas que le preocupan a los cipole\u00f1os&#8221;.<\/div>\n<div style=\"width: 100%; float: left; height: 2px; background-color: #cccccc; margin-top: 20px; margin-bottom: 20px; text-align: center;\"><\/div>\n<div dir=\"auto\"><\/div>\n<div dir=\"auto\"><\/div>\n<div dir=\"auto\" style=\"text-align: center;\"><img loading=\"lazy\" class=\"aligncenter wp-image-1300 size-large\" src=\"https:\/\/www.cdcipolletti.gob.ar\/wp-content\/uploads\/2022\/08\/DSC_2534-1024x683.jpg\" alt=\"\" width=\"600\" height=\"400\" srcset=\"https:\/\/www.cdcipolletti.gob.ar\/wp-content\/uploads\/2022\/08\/DSC_2534-1024x683.jpg 1024w, https:\/\/www.cdcipolletti.gob.ar\/wp-content\/uploads\/2022\/08\/DSC_2534-300x200.jpg 300w, https:\/\/www.cdcipolletti.gob.ar\/wp-content\/uploads\/2022\/08\/DSC_2534-768x512.jpg 768w, https:\/\/www.cdcipolletti.gob.ar\/wp-content\/uploads\/2022\/08\/DSC_2534-1536x1024.jpg 1536w, https:\/\/www.cdcipolletti.gob.ar\/wp-content\/uploads\/2022\/08\/DSC_2534.jpg 1620w\" sizes=\"(max-width: 600px) 100vw, 600px\" \/><\/div>\n<div dir=\"auto\" style=\"text-align: center;\">In\u00e9s Parra Mart\u00ednez naci\u00f3 en la ciudad Almer\u00eda, Espa\u00f1a el 1\u00b0 de noviembre de 1947 pero fue reci\u00e9n en el a\u00f1o 2.000 que lleg\u00f3 a la cuidad de Cipolletti.<\/div>\n<div>\n<div class=\"o9v6fnle cxmmr5t8 oygrvhab hcukyx3x c1et5uql ii04i59q\">\n<div dir=\"auto\" style=\"text-align: center;\">Ha desarrollado una prolongada tarea social ya que ha ejercido como tallerista de actividades pr\u00e1cticas en el Centro de Jubilados de Allen en los a\u00f1os 80 y en el Sepalo ( Servicio de Aprendizaje Laboral Orientado) durante seis a\u00f1os.<\/div>\n<\/div>\n<div class=\"o9v6fnle cxmmr5t8 oygrvhab hcukyx3x c1et5uql ii04i59q\">\n<div dir=\"auto\" style=\"text-align: center;\">Adem\u00e1s, trabaj\u00f3 en la escuela especial N\u00b0 4 y Escuela De Formaci\u00f3n Cooperativa Y Laboral N\u00b0 4 de nuestra localidad.<\/div>\n<\/div>\n<div class=\"o9v6fnle cxmmr5t8 oygrvhab hcukyx3x c1et5uql ii04i59q\" style=\"text-align: center;\">\n<div dir=\"auto\">Tambi\u00e9n, ejerci\u00f3 su labor en Allen en la escuela de Adultos, en la escuela especial N\u00b02 y en la escuela laboral N\u00b0 3 de esa ciudad. Tambi\u00e9n trabaj\u00f3 en la escuela de adultos de Gral. Fern\u00e1ndez Oro.<\/div>\n<\/div>\n<div class=\"o9v6fnle cxmmr5t8 oygrvhab hcukyx3x c1et5uql ii04i59q\">\n<div dir=\"auto\" style=\"text-align: center;\">Lejos de descansar, In\u00e9s se sum\u00f3 como colaboradora en Caritas y desde hace 13 a\u00f1os, es parte de la comisi\u00f3n del Centro de Jubilados \u2018\u2019Mauricio Nuin\u2019\u2019, donde organizados ,trabajan para la integraci\u00f3n del adulto mayor en la sociedad y desde esta comisi\u00f3n, fue designada como representante del sector para integrar la lista para las elecciones locales del a\u00f1o 2019.<\/div>\n<\/div>\n<\/div>\n<div><\/div>\n<div><\/div>\n<div style=\"width: 100%; float: left; height: 2px; background-color: #cccccc; margin-top: 20px; margin-bottom: 20px;\"><\/div>\n<h4>JUNTOS POR EL CAMBIO<\/h4>\n<div style=\"width: 100%; float: left; text-align: center;\"><img loading=\"lazy\" class=\"aligncenter wp-image-1303 size-large\" src=\"https:\/\/www.cdcipolletti.gob.ar\/wp-content\/uploads\/2022\/08\/DSC_2508-1024x683.jpg\" alt=\"\" width=\"600\" height=\"400\" srcset=\"https:\/\/www.cdcipolletti.gob.ar\/wp-content\/uploads\/2022\/08\/DSC_2508-1024x683.jpg 1024w, https:\/\/www.cdcipolletti.gob.ar\/wp-content\/uploads\/2022\/08\/DSC_2508-300x200.jpg 300w, https:\/\/www.cdcipolletti.gob.ar\/wp-content\/uploads\/2022\/08\/DSC_2508-768x512.jpg 768w, https:\/\/www.cdcipolletti.gob.ar\/wp-content\/uploads\/2022\/08\/DSC_2508-1536x1024.jpg 1536w, https:\/\/www.cdcipolletti.gob.ar\/wp-content\/uploads\/2022\/08\/DSC_2508.jpg 1620w\" sizes=\"(max-width: 600px) 100vw, 600px\" \/><\/div>\n<div style=\"width: 100%; float: left; text-align: center;\">Flavia Boschi, 41 a\u00f1os. Nacida y criada en Cipolletti. Su familia de origen es productora de manzanas y peras. Estudi\u00f3 dise\u00f1o gr\u00e1fico y luego con su pareja incursionaron en el rubro gastron\u00f3mico. &#8220;Quiero ver crecer mi ciudad, y voy a trabajar fuertemente para ello. Emprender un nuevo desaf\u00edo para lograr un mejor lugar para vivir, es muy importante para m\u00ed&#8221;.<\/div>\n<div style=\"width: 100%; float: left; height: 2px; background-color: #cccccc; margin-top: 20px; margin-bottom: 20px;\"><\/div>\n<div style=\"width: 100%; float: left; text-align: center;\"><img loading=\"lazy\" class=\"aligncenter wp-image-1302 size-large\" src=\"https:\/\/www.cdcipolletti.gob.ar\/wp-content\/uploads\/2022\/08\/DSC_2543-1024x683.jpg\" alt=\"\" width=\"600\" height=\"400\" srcset=\"https:\/\/www.cdcipolletti.gob.ar\/wp-content\/uploads\/2022\/08\/DSC_2543-1024x683.jpg 1024w, https:\/\/www.cdcipolletti.gob.ar\/wp-content\/uploads\/2022\/08\/DSC_2543-300x200.jpg 300w, https:\/\/www.cdcipolletti.gob.ar\/wp-content\/uploads\/2022\/08\/DSC_2543-768x512.jpg 768w, https:\/\/www.cdcipolletti.gob.ar\/wp-content\/uploads\/2022\/08\/DSC_2543-1536x1024.jpg 1536w, https:\/\/www.cdcipolletti.gob.ar\/wp-content\/uploads\/2022\/08\/DSC_2543.jpg 1620w\" sizes=\"(max-width: 600px) 100vw, 600px\" \/><\/div>\n<div style=\"width: 100%; float: left; text-align: center;\">Carlos Mart\u00ednez Larrea, tiene 55 a\u00f1os. Casado hace 27, tiene 5 hijos y hace 14 que vivo en Cipolletti y m\u00e1s de 20 en la Patagonia. Abogado egresado de la UBA y con estudios de posgrado en derecho y direcci\u00f3n de organizaciones. Su v\u00ednculo con el municipio empez\u00f3 cuando An\u00edbal Tortoriello lo convoc\u00f3 para trabajar en Balsa las Perlas, un desaf\u00edo apasionante en un lugar esencial de Cipolletti, y luego se desempe\u00f1\u00f3 como secretario legislativo del CD. &#8220;Cipolletti para mi es una ciudad maravillosa, un desierto que se transform\u00f3 en un oasis gracias al esfuerzo y la visi\u00f3n de sus primeros habitantes. Mi objetivo en \u00e9sta gesti\u00f3n es aportar para darle un mejor marco institucional y tambi\u00e9n de planeamiento urbano y rural a su enorme territorio, con visi\u00f3n estrat\u00e9gica, para que los actuales y los futuros cipole\u00f1os tengan una vida mejor&#8221;.<\/div>\n<div style=\"width: 100%; float: left; height: 2px; background-color: #cccccc; margin-top: 20px; margin-bottom: 20px;\"><\/div>\n<h4 style=\"text-align: center;\">FRENTE DE TODOS<\/h4>\n<div style=\"width: 100%; float: left; text-align: center;\">\n<p><img loading=\"lazy\" class=\"aligncenter wp-image-1299 size-large\" src=\"https:\/\/www.cdcipolletti.gob.ar\/wp-content\/uploads\/2022\/08\/DSC_2518-1024x683.jpg\" alt=\"\" width=\"600\" height=\"400\" srcset=\"https:\/\/www.cdcipolletti.gob.ar\/wp-content\/uploads\/2022\/08\/DSC_2518-1024x683.jpg 1024w, https:\/\/www.cdcipolletti.gob.ar\/wp-content\/uploads\/2022\/08\/DSC_2518-300x200.jpg 300w, https:\/\/www.cdcipolletti.gob.ar\/wp-content\/uploads\/2022\/08\/DSC_2518-768x512.jpg 768w, https:\/\/www.cdcipolletti.gob.ar\/wp-content\/uploads\/2022\/08\/DSC_2518-1536x1024.jpg 1536w, https:\/\/www.cdcipolletti.gob.ar\/wp-content\/uploads\/2022\/08\/DSC_2518.jpg 1620w\" sizes=\"(max-width: 600px) 100vw, 600px\" \/><\/p>\n<p><strong>Horacio \u201cNacho\u201d Pierucci, Licenciado en Ciencias Pol\u00edticas con orientaci\u00f3n en Administraci\u00f3n P\u00fablica. Tengo 46 a\u00f1os. Casado con 2 hijos. Hincha de Cipolletti. Trabaj\u00e9 como asesor en el Congreso de la Naci\u00f3n y la Legislatura de la Provincia de R\u00edo Negro. Tambi\u00e9n fu\u00ed Subsecretario de H\u00e1bitat de la Provincia de R\u00edo Negro y Secretario de Acci\u00f3n Social del Municipio de Cipolletti. Coordinador del Programa DAMI (Desarrollo de \u00c1reas Metropolitanas del Interior). Nieto de inmigrantes y de familia fruticultora. \u201cEl desaf\u00edo es continuar con lo que \u2018Toia\u2019 (Alfonso) ven\u00eda haciendo y trabajar en beneficio para la ciudad, dejando las cuestiones partidarias de lado\u201d.<\/strong><\/p>\n<p>&nbsp;<\/p>\n<\/div>\n","protected":false},"excerpt":{"rendered":"<p>JUNTOS SOMOS R\u00cdO NEGRO Silvana Larralde, cipole\u00f1a por adopci\u00f3n y vocaci\u00f3n. Madre de dos hijas adolescentes y estudiantes. Curs\u00f3 sus estudios primarios en las Escuelas N\u00aa 248 y N\u00aa 264; y la escuela secundaria en el Colegio N\u00aa17. Su pasi\u00f3n vocacional por el trabajo social comenz\u00f3 a muy temprana edad. Tuvo una activa participaci\u00f3n comunitaria &hellip; <\/p>\n<p class=\"link-more\"><a href=\"https:\/\/www.cdcipolletti.gob.ar\/?page_id=213\" class=\"more-link\">more<span class=\"screen-reader-text\"> &#8220;Concejales&#8221;<\/span><\/a><\/p>\n","protected":false},"author":1,"featured_media":0,"parent":0,"menu_order":0,"comment_status":"closed","ping_status":"closed","template":"","meta":[],"_links":{"self":[{"href":"https:\/\/www.cdcipolletti.gob.ar\/index.php?rest_route=\/wp\/v2\/pages\/213"}],"collection":[{"href":"https:\/\/www.cdcipolletti.gob.ar\/index.php?rest_route=\/wp\/v2\/pages"}],"about":[{"href":"https:\/\/www.cdcipolletti.gob.ar\/index.php?rest_route=\/wp\/v2\/types\/page"}],"author":[{"embeddable":true,"href":"https:\/\/www.cdcipolletti.gob.ar\/index.php?rest_route=\/wp\/v2\/users\/1"}],"replies":[{"embeddable":true,"href":"https:\/\/www.cdcipolletti.gob.ar\/index.php?rest_route=%2Fwp%2Fv2%2Fcomments&post=213"}],"version-history":[{"count":71,"href":"https:\/\/www.cdcipolletti.gob.ar\/index.php?rest_route=\/wp\/v2\/pages\/213\/revisions"}],"predecessor-version":[{"id":2909,"href":"https:\/\/www.cdcipolletti.gob.ar\/index.php?rest_route=\/wp\/v2\/pages\/213\/revisions\/2909"}],"wp:attachment":[{"href":"https:\/\/www.cdcipolletti.gob.ar\/index.php?rest_route=%2Fwp%2Fv2%2Fmedia&parent=213"}],"curies":[{"name":"wp","href":"https:\/\/api.w.org\/{rel}","templated":true}]}}