{"id":21,"date":"2021-03-19T08:06:13","date_gmt":"2021-03-19T11:06:13","guid":{"rendered":"http:\/\/192.168.10.125\/cipolletti\/cdcipolletti\/wp\/?page_id=21"},"modified":"2026-04-24T02:05:02","modified_gmt":"2026-04-24T05:05:02","slug":"comisiones-2","status":"publish","type":"page","link":"https:\/\/www.cdcipolletti.gob.ar\/?page_id=21","title":{"rendered":"Bloques"},"content":{"rendered":"<p><span style=\"color: #000000;\"><strong>1. JUNTOS SOMOS R\u00cdO NEGRO<\/strong><\/span><\/p>\n<p><span style=\"color: #000000;\">Presidente del bloque: Mart\u00edn Posse<\/span><br \/>\n<span style=\"color: #000000;\">Integrantes:<\/span><\/p>\n<p><span style=\"color: #000000;\">Presidenta del Concejo Deliberante Karina Alvarez<\/span><br \/>\n<span style=\"color: #000000;\">Concejal Adriana Dietrich<\/span><\/p>\n<p><span style=\"color: #000000;\"><strong>2. CAMBIA CIPOLLETTI<\/strong><\/span><\/p>\n<p><span style=\"color: #000000;\">Presidente del bloque: H\u00e9ctor Hern\u00e1n Sep\u00falveda<\/span><br \/>\n<span style=\"color: #000000;\">Integrantes:<\/span><\/p>\n<p><span style=\"color: #000000;\">Concejal Ana Mar\u00eda Napoli<\/span><\/p>\n<p><span style=\"color: #000000;\"><strong>3. COALICI\u00d3N C\u00cdVICA ARI<\/strong><\/span><\/p>\n<p><span style=\"color: #000000;\">Presidente del bloque: Oscar Andr\u00e9s Langowski<\/span><\/p>\n","protected":false},"excerpt":{"rendered":"<p>1. JUNTOS SOMOS R\u00cdO NEGRO Presidente del bloque: Mart\u00edn Posse Integrantes: Presidenta del Concejo Deliberante Karina Alvarez Concejal Adriana Dietrich 2. CAMBIA CIPOLLETTI Presidente del bloque: H\u00e9ctor Hern\u00e1n Sep\u00falveda Integrantes: Concejal Ana Mar\u00eda Napoli 3. COALICI\u00d3N C\u00cdVICA ARI Presidente del bloque: Oscar Andr\u00e9s Langowski<\/p>\n","protected":false},"author":1,"featured_media":0,"parent":0,"menu_order":0,"comment_status":"closed","ping_status":"closed","template":"","meta":[],"_links":{"self":[{"href":"https:\/\/www.cdcipolletti.gob.ar\/index.php?rest_route=\/wp\/v2\/pages\/21"}],"collection":[{"href":"https:\/\/www.cdcipolletti.gob.ar\/index.php?rest_route=\/wp\/v2\/pages"}],"about":[{"href":"https:\/\/www.cdcipolletti.gob.ar\/index.php?rest_route=\/wp\/v2\/types\/page"}],"author":[{"embeddable":true,"href":"https:\/\/www.cdcipolletti.gob.ar\/index.php?rest_route=\/wp\/v2\/users\/1"}],"replies":[{"embeddable":true,"href":"https:\/\/www.cdcipolletti.gob.ar\/index.php?rest_route=%2Fwp%2Fv2%2Fcomments&post=21"}],"version-history":[{"count":21,"href":"https:\/\/www.cdcipolletti.gob.ar\/index.php?rest_route=\/wp\/v2\/pages\/21\/revisions"}],"predecessor-version":[{"id":3379,"href":"https:\/\/www.cdcipolletti.gob.ar\/index.php?rest_route=\/wp\/v2\/pages\/21\/revisions\/3379"}],"wp:attachment":[{"href":"https:\/\/www.cdcipolletti.gob.ar\/index.php?rest_route=%2Fwp%2Fv2%2Fmedia&parent=21"}],"curies":[{"name":"wp","href":"https:\/\/api.w.org\/{rel}","templated":true}]}}