{"id":2,"date":"2021-03-18T13:28:50","date_gmt":"2021-03-18T16:28:50","guid":{"rendered":"http:\/\/192.168.10.125\/cipolletti\/cdcipolletti\/?page_id=2"},"modified":"2024-03-18T10:49:33","modified_gmt":"2024-03-18T13:49:33","slug":"pagina-ejemplo","status":"publish","type":"page","link":"https:\/\/www.cdcipolletti.gob.ar\/","title":{"rendered":"Noticias"},"content":{"rendered":"\r\n\t<div class=\"psac-post-slider-wrp psac-slider-and-carousel psac-clearfix\">\r\n\t\t<div class=\"psac-post-slider owl-carousel psac-design-2\" id=\"psac-slider-1\" data-conf=\"{&quot;dots&quot;:true,&quot;arrows&quot;:true,&quot;autoplay&quot;:true,&quot;autoplay_interval&quot;:4000,&quot;speed&quot;:600,&quot;loop&quot;:true}\">\r\n\t\t\t<div class=\"psac-post-slides\">\r\n\t<div class=\"psac-post-left psac-col-2 psac-columns\">\r\n\t\t<div class=\"psac-post-overlay\">\r\n\t\t<div class=\"psac-alignmiddle\">\r\n\t\t\t\t\t\t\t<div class=\"psac-post-categories\"><a class=\"psac-post-cat psac-post-cat-1\" href=\"https:\/\/www.cdcipolletti.gob.ar\/?cat=1\">Novedad<\/a><\/div>\r\n\t\t\t\r\n\t\t\t<h2 class=\"psac-post-title\">\r\n\t\t\t\t<a href=\"https:\/\/www.cdcipolletti.gob.ar\/?p=3353\">EL CONCEJO DELIBERANTE APROB\u00d3 PROYECTOS VINCULADOS A OBRAS, EMERGENCIAS Y ORGANIZACI\u00d3N INSTITUCIONAL<\/a>\r\n\t\t\t<\/h2>\r\n\r\n\t\t\t\t\t\t\t<div class=\"psac-post-meta\">\r\n\t\t\t\t\t\t\t\t\t\t\t<span class=\"psac-post-meta-innr psac-user-img\">prensaconcejo<\/span>\r\n\t\t\t\t\t\t\t\t\t\t<span class=\"psac-sep\">\/<\/span>\t\t\t\t\t\t<span class=\"psac-post-meta-innr psac-time\"> 23 abril, 2026 <\/span>\r\n\t\t\t\t\t\t\t\t\t<\/div>\r\n\t\t\t\t\t\t<\/div>\r\n\t\t<\/div>\r\n\t<\/div>\r\n\t<div class=\"psac-post-right psac-col-2 psac-columns\">\r\n\t\t<a href=\"https:\/\/www.cdcipolletti.gob.ar\/?p=3353\" class=\"psac-link-overlay\"><\/a>\r\n\t\t<div class=\"psac-post-image-bg\" style=\" background-image: url(&#039;https:\/\/www.cdcipolletti.gob.ar\/wp-content\/uploads\/2026\/04\/WhatsApp-Image-2026-04-23-at-13.33.19-1024x768.jpeg&#039;); \" ><\/div>\r\n\t<\/div>\r\n<\/div><div class=\"psac-post-slides\">\r\n\t<div class=\"psac-post-left psac-col-2 psac-columns\">\r\n\t\t<div class=\"psac-post-overlay\">\r\n\t\t<div class=\"psac-alignmiddle\">\r\n\t\t\t\t\t\t\t<div class=\"psac-post-categories\"><a class=\"psac-post-cat psac-post-cat-1\" href=\"https:\/\/www.cdcipolletti.gob.ar\/?cat=1\">Novedad<\/a><\/div>\r\n\t\t\t\r\n\t\t\t<h2 class=\"psac-post-title\">\r\n\t\t\t\t<a href=\"https:\/\/www.cdcipolletti.gob.ar\/?p=3339\">SE REUNI\u00d3 LA COMISI\u00d3N DE LABOR PARLAMENTARIA<\/a>\r\n\t\t\t<\/h2>\r\n\r\n\t\t\t\t\t\t\t<div class=\"psac-post-meta\">\r\n\t\t\t\t\t\t\t\t\t\t\t<span class=\"psac-post-meta-innr psac-user-img\">prensaconcejo<\/span>\r\n\t\t\t\t\t\t\t\t\t\t<span class=\"psac-sep\">\/<\/span>\t\t\t\t\t\t<span class=\"psac-post-meta-innr psac-time\"> 21 abril, 2026 <\/span>\r\n\t\t\t\t\t\t\t\t\t<\/div>\r\n\t\t\t\t\t\t<\/div>\r\n\t\t<\/div>\r\n\t<\/div>\r\n\t<div class=\"psac-post-right psac-col-2 psac-columns\">\r\n\t\t<a href=\"https:\/\/www.cdcipolletti.gob.ar\/?p=3339\" class=\"psac-link-overlay\"><\/a>\r\n\t\t<div class=\"psac-post-image-bg\" style=\" background-image: url(&#039;https:\/\/www.cdcipolletti.gob.ar\/wp-content\/uploads\/2026\/04\/WhatsApp-Image-2026-04-21-at-11.00.58-1024x1024.jpeg&#039;); \" ><\/div>\r\n\t<\/div>\r\n<\/div><div class=\"psac-post-slides\">\r\n\t<div class=\"psac-post-left psac-col-2 psac-columns\">\r\n\t\t<div class=\"psac-post-overlay\">\r\n\t\t<div class=\"psac-alignmiddle\">\r\n\t\t\t\t\t\t\t<div class=\"psac-post-categories\"><a class=\"psac-post-cat psac-post-cat-1\" href=\"https:\/\/www.cdcipolletti.gob.ar\/?cat=1\">Novedad<\/a><\/div>\r\n\t\t\t\r\n\t\t\t<h2 class=\"psac-post-title\">\r\n\t\t\t\t<a href=\"https:\/\/www.cdcipolletti.gob.ar\/?p=3332\">CIPOLLETTI PRESENT\u00d3 TUC, EL NUEVO SISTEMA DE TRANSPORTE DE LA CIUDAD<\/a>\r\n\t\t\t<\/h2>\r\n\r\n\t\t\t\t\t\t\t<div class=\"psac-post-meta\">\r\n\t\t\t\t\t\t\t\t\t\t\t<span class=\"psac-post-meta-innr psac-user-img\">prensaconcejo<\/span>\r\n\t\t\t\t\t\t\t\t\t\t<span class=\"psac-sep\">\/<\/span>\t\t\t\t\t\t<span class=\"psac-post-meta-innr psac-time\"> 8 abril, 2026 <\/span>\r\n\t\t\t\t\t\t\t\t\t<\/div>\r\n\t\t\t\t\t\t<\/div>\r\n\t\t<\/div>\r\n\t<\/div>\r\n\t<div class=\"psac-post-right psac-col-2 psac-columns\">\r\n\t\t<a href=\"https:\/\/www.cdcipolletti.gob.ar\/?p=3332\" class=\"psac-link-overlay\"><\/a>\r\n\t\t<div class=\"psac-post-image-bg\" style=\" background-image: url(&#039;https:\/\/www.cdcipolletti.gob.ar\/wp-content\/uploads\/2026\/04\/WhatsApp-Image-2026-04-08-at-13.26.19-1024x768.jpeg&#039;); \" ><\/div>\r\n\t<\/div>\r\n<\/div><div class=\"psac-post-slides\">\r\n\t<div class=\"psac-post-left psac-col-2 psac-columns\">\r\n\t\t<div class=\"psac-post-overlay\">\r\n\t\t<div class=\"psac-alignmiddle\">\r\n\t\t\t\t\t\t\t<div class=\"psac-post-categories\"><a class=\"psac-post-cat psac-post-cat-1\" href=\"https:\/\/www.cdcipolletti.gob.ar\/?cat=1\">Novedad<\/a><\/div>\r\n\t\t\t\r\n\t\t\t<h2 class=\"psac-post-title\">\r\n\t\t\t\t<a href=\"https:\/\/www.cdcipolletti.gob.ar\/?p=3327\">COMISI\u00d3N DE HACIENDA TRAT\u00d3 UN EXPENDIENTE VINCULADO A UN CONVENIO CON EL GOBIERNO DE R\u00cdO NEGRO<\/a>\r\n\t\t\t<\/h2>\r\n\r\n\t\t\t\t\t\t\t<div class=\"psac-post-meta\">\r\n\t\t\t\t\t\t\t\t\t\t\t<span class=\"psac-post-meta-innr psac-user-img\">prensaconcejo<\/span>\r\n\t\t\t\t\t\t\t\t\t\t<span class=\"psac-sep\">\/<\/span>\t\t\t\t\t\t<span class=\"psac-post-meta-innr psac-time\"> 31 marzo, 2026 <\/span>\r\n\t\t\t\t\t\t\t\t\t<\/div>\r\n\t\t\t\t\t\t<\/div>\r\n\t\t<\/div>\r\n\t<\/div>\r\n\t<div class=\"psac-post-right psac-col-2 psac-columns\">\r\n\t\t<a href=\"https:\/\/www.cdcipolletti.gob.ar\/?p=3327\" class=\"psac-link-overlay\"><\/a>\r\n\t\t<div class=\"psac-post-image-bg\" style=\" background-image: url(&#039;https:\/\/www.cdcipolletti.gob.ar\/wp-content\/uploads\/2026\/03\/WhatsApp-Image-2026-03-31-at-11.43.44-1-1024x768.jpeg&#039;); \" ><\/div>\r\n\t<\/div>\r\n<\/div><div class=\"psac-post-slides\">\r\n\t<div class=\"psac-post-left psac-col-2 psac-columns\">\r\n\t\t<div class=\"psac-post-overlay\">\r\n\t\t<div class=\"psac-alignmiddle\">\r\n\t\t\t\t\t\t\t<div class=\"psac-post-categories\"><a class=\"psac-post-cat psac-post-cat-1\" href=\"https:\/\/www.cdcipolletti.gob.ar\/?cat=1\">Novedad<\/a><\/div>\r\n\t\t\t\r\n\t\t\t<h2 class=\"psac-post-title\">\r\n\t\t\t\t<a href=\"https:\/\/www.cdcipolletti.gob.ar\/?p=3320\">COMISI\u00d3N DE GOBIERNO ANALIZ\u00d3 EXPEDIENTES DE OBRAS Y SERVICIOS DE CIPOLLETTI<\/a>\r\n\t\t\t<\/h2>\r\n\r\n\t\t\t\t\t\t\t<div class=\"psac-post-meta\">\r\n\t\t\t\t\t\t\t\t\t\t\t<span class=\"psac-post-meta-innr psac-user-img\">prensaconcejo<\/span>\r\n\t\t\t\t\t\t\t\t\t\t<span class=\"psac-sep\">\/<\/span>\t\t\t\t\t\t<span class=\"psac-post-meta-innr psac-time\"> 19 marzo, 2026 <\/span>\r\n\t\t\t\t\t\t\t\t\t<\/div>\r\n\t\t\t\t\t\t<\/div>\r\n\t\t<\/div>\r\n\t<\/div>\r\n\t<div class=\"psac-post-right psac-col-2 psac-columns\">\r\n\t\t<a href=\"https:\/\/www.cdcipolletti.gob.ar\/?p=3320\" class=\"psac-link-overlay\"><\/a>\r\n\t\t<div class=\"psac-post-image-bg\" style=\" background-image: url(&#039;https:\/\/www.cdcipolletti.gob.ar\/wp-content\/uploads\/2026\/03\/WhatsApp-Image-2026-03-19-at-08.42.49-1024x768.jpeg&#039;); \" ><\/div>\r\n\t<\/div>\r\n<\/div>\t\t<\/div>\r\n\t<\/div>\r\n\r\n\t\n<div class=\"pt-cv-wrapper\"><div class=\"pt-cv-view pt-cv-grid pt-cv-colsys\" id=\"pt-cv-view-02918d7o5t\"><div data-id=\"pt-cv-page-1\" class=\"pt-cv-page\" data-cvc=\"2\"><div class=\"col-md-6 col-sm-6 col-xs-12 pt-cv-content-item pt-cv-1-col\" ><div class='pt-cv-ifield'><a href=\"https:\/\/www.cdcipolletti.gob.ar\/?p=3353\" class=\"_self pt-cv-href-thumbnail pt-cv-thumb-default\" target=\"_self\" ><img width=\"300\" height=\"225\" src=\"https:\/\/www.cdcipolletti.gob.ar\/wp-content\/uploads\/2026\/04\/WhatsApp-Image-2026-04-23-at-13.33.19-300x225.jpeg\" class=\"pt-cv-thumbnail\" alt=\"\" loading=\"lazy\" srcset=\"https:\/\/www.cdcipolletti.gob.ar\/wp-content\/uploads\/2026\/04\/WhatsApp-Image-2026-04-23-at-13.33.19-300x225.jpeg 300w, https:\/\/www.cdcipolletti.gob.ar\/wp-content\/uploads\/2026\/04\/WhatsApp-Image-2026-04-23-at-13.33.19-1024x768.jpeg 1024w, https:\/\/www.cdcipolletti.gob.ar\/wp-content\/uploads\/2026\/04\/WhatsApp-Image-2026-04-23-at-13.33.19-768x576.jpeg 768w, https:\/\/www.cdcipolletti.gob.ar\/wp-content\/uploads\/2026\/04\/WhatsApp-Image-2026-04-23-at-13.33.19-1536x1152.jpeg 1536w, https:\/\/www.cdcipolletti.gob.ar\/wp-content\/uploads\/2026\/04\/WhatsApp-Image-2026-04-23-at-13.33.19.jpeg 1600w\" sizes=\"(max-width: 300px) 100vw, 300px\" \/><\/a>\n<h4 class=\"pt-cv-title\"><a href=\"https:\/\/www.cdcipolletti.gob.ar\/?p=3353\" class=\"_self\" target=\"_self\" >EL CONCEJO DELIBERANTE APROB\u00d3 PROYECTOS VINCULADOS A OBRAS, EMERGENCIAS Y ORGANIZACI\u00d3N INSTITUCIONAL<\/a><\/h4>\n<div class=\"pt-cv-content\">Este jueves 23 de abril el Concejo Deliberante de Cipolletti llev\u00f3 adelante la Sesi\u00f3n Ordinaria N\u00b0 1041, la misma estuvo ...<br \/><a href=\"https:\/\/www.cdcipolletti.gob.ar\/?p=3353\" class=\"_self pt-cv-readmore btn btn-success\" target=\"_self\">Leer M\u00e1s<\/a><\/div><\/div><\/div>\n<div class=\"col-md-6 col-sm-6 col-xs-12 pt-cv-content-item pt-cv-1-col\" ><div class='pt-cv-ifield'><a href=\"https:\/\/www.cdcipolletti.gob.ar\/?p=3339\" class=\"_self pt-cv-href-thumbnail pt-cv-thumb-default\" target=\"_self\" ><img width=\"300\" height=\"300\" src=\"https:\/\/www.cdcipolletti.gob.ar\/wp-content\/uploads\/2026\/04\/WhatsApp-Image-2026-04-21-at-11.00.58-300x300.jpeg\" class=\"pt-cv-thumbnail\" alt=\"\" loading=\"lazy\" srcset=\"https:\/\/www.cdcipolletti.gob.ar\/wp-content\/uploads\/2026\/04\/WhatsApp-Image-2026-04-21-at-11.00.58-300x300.jpeg 300w, https:\/\/www.cdcipolletti.gob.ar\/wp-content\/uploads\/2026\/04\/WhatsApp-Image-2026-04-21-at-11.00.58-1024x1024.jpeg 1024w, https:\/\/www.cdcipolletti.gob.ar\/wp-content\/uploads\/2026\/04\/WhatsApp-Image-2026-04-21-at-11.00.58-150x150.jpeg 150w, https:\/\/www.cdcipolletti.gob.ar\/wp-content\/uploads\/2026\/04\/WhatsApp-Image-2026-04-21-at-11.00.58-768x768.jpeg 768w, https:\/\/www.cdcipolletti.gob.ar\/wp-content\/uploads\/2026\/04\/WhatsApp-Image-2026-04-21-at-11.00.58.jpeg 1500w\" sizes=\"(max-width: 300px) 100vw, 300px\" \/><\/a>\n<h4 class=\"pt-cv-title\"><a href=\"https:\/\/www.cdcipolletti.gob.ar\/?p=3339\" class=\"_self\" target=\"_self\" >SE REUNI\u00d3 LA COMISI\u00d3N DE LABOR PARLAMENTARIA<\/a><\/h4>\n<div class=\"pt-cv-content\">Este viernes 17 de abril, se realiz\u00f3 una nueva Comisi\u00f3n de Labor Parlamentaria, encabezada por la Presidenta del Concejo Deliberante, ...<br \/><a href=\"https:\/\/www.cdcipolletti.gob.ar\/?p=3339\" class=\"_self pt-cv-readmore btn btn-success\" target=\"_self\">Leer M\u00e1s<\/a><\/div><\/div><\/div>\n<div class=\"col-md-6 col-sm-6 col-xs-12 pt-cv-content-item pt-cv-1-col\" ><div class='pt-cv-ifield'><a href=\"https:\/\/www.cdcipolletti.gob.ar\/?p=3332\" class=\"_self pt-cv-href-thumbnail pt-cv-thumb-default\" target=\"_self\" ><img width=\"300\" height=\"225\" src=\"https:\/\/www.cdcipolletti.gob.ar\/wp-content\/uploads\/2026\/04\/WhatsApp-Image-2026-04-08-at-13.26.19-300x225.jpeg\" class=\"pt-cv-thumbnail\" alt=\"\" loading=\"lazy\" srcset=\"https:\/\/www.cdcipolletti.gob.ar\/wp-content\/uploads\/2026\/04\/WhatsApp-Image-2026-04-08-at-13.26.19-300x225.jpeg 300w, https:\/\/www.cdcipolletti.gob.ar\/wp-content\/uploads\/2026\/04\/WhatsApp-Image-2026-04-08-at-13.26.19-1024x768.jpeg 1024w, https:\/\/www.cdcipolletti.gob.ar\/wp-content\/uploads\/2026\/04\/WhatsApp-Image-2026-04-08-at-13.26.19-768x576.jpeg 768w, https:\/\/www.cdcipolletti.gob.ar\/wp-content\/uploads\/2026\/04\/WhatsApp-Image-2026-04-08-at-13.26.19-1536x1152.jpeg 1536w, https:\/\/www.cdcipolletti.gob.ar\/wp-content\/uploads\/2026\/04\/WhatsApp-Image-2026-04-08-at-13.26.19.jpeg 1600w\" sizes=\"(max-width: 300px) 100vw, 300px\" \/><\/a>\n<h4 class=\"pt-cv-title\"><a href=\"https:\/\/www.cdcipolletti.gob.ar\/?p=3332\" class=\"_self\" target=\"_self\" >CIPOLLETTI PRESENT\u00d3 TUC, EL NUEVO SISTEMA DE TRANSPORTE DE LA CIUDAD<\/a><\/h4>\n<div class=\"pt-cv-content\">Este mi\u00e9rcoles 8 comenz\u00f3 a funcionar el nuevo Transporte Urbano de Cipolletti (TUC), marcando un hecho hist\u00f3rico para la ciudad ...<br \/><a href=\"https:\/\/www.cdcipolletti.gob.ar\/?p=3332\" class=\"_self pt-cv-readmore btn btn-success\" target=\"_self\">Leer M\u00e1s<\/a><\/div><\/div><\/div>\n<div class=\"col-md-6 col-sm-6 col-xs-12 pt-cv-content-item pt-cv-1-col\" ><div class='pt-cv-ifield'><a href=\"https:\/\/www.cdcipolletti.gob.ar\/?p=3327\" class=\"_self pt-cv-href-thumbnail pt-cv-thumb-default\" target=\"_self\" ><img width=\"300\" height=\"225\" src=\"https:\/\/www.cdcipolletti.gob.ar\/wp-content\/uploads\/2026\/03\/WhatsApp-Image-2026-03-31-at-11.43.44-1-300x225.jpeg\" class=\"pt-cv-thumbnail\" alt=\"\" loading=\"lazy\" srcset=\"https:\/\/www.cdcipolletti.gob.ar\/wp-content\/uploads\/2026\/03\/WhatsApp-Image-2026-03-31-at-11.43.44-1-300x225.jpeg 300w, https:\/\/www.cdcipolletti.gob.ar\/wp-content\/uploads\/2026\/03\/WhatsApp-Image-2026-03-31-at-11.43.44-1-1024x768.jpeg 1024w, https:\/\/www.cdcipolletti.gob.ar\/wp-content\/uploads\/2026\/03\/WhatsApp-Image-2026-03-31-at-11.43.44-1-768x576.jpeg 768w, https:\/\/www.cdcipolletti.gob.ar\/wp-content\/uploads\/2026\/03\/WhatsApp-Image-2026-03-31-at-11.43.44-1-1536x1152.jpeg 1536w, https:\/\/www.cdcipolletti.gob.ar\/wp-content\/uploads\/2026\/03\/WhatsApp-Image-2026-03-31-at-11.43.44-1.jpeg 1600w\" sizes=\"(max-width: 300px) 100vw, 300px\" \/><\/a>\n<h4 class=\"pt-cv-title\"><a href=\"https:\/\/www.cdcipolletti.gob.ar\/?p=3327\" class=\"_self\" target=\"_self\" >COMISI\u00d3N DE HACIENDA TRAT\u00d3 UN EXPENDIENTE VINCULADO A UN CONVENIO CON EL GOBIERNO DE R\u00cdO NEGRO<\/a><\/h4>\n<div class=\"pt-cv-content\">Este martes 31 de marzo a las 9:00 horas se llev\u00f3 adelante una nueva reuni\u00f3n de la Comisi\u00f3n de Hacienda ...<br \/><a href=\"https:\/\/www.cdcipolletti.gob.ar\/?p=3327\" class=\"_self pt-cv-readmore btn btn-success\" target=\"_self\">Leer M\u00e1s<\/a><\/div><\/div><\/div>\n<div class=\"col-md-6 col-sm-6 col-xs-12 pt-cv-content-item pt-cv-1-col\" ><div class='pt-cv-ifield'><a href=\"https:\/\/www.cdcipolletti.gob.ar\/?p=3320\" class=\"_self pt-cv-href-thumbnail pt-cv-thumb-default\" target=\"_self\" ><img width=\"300\" height=\"225\" src=\"https:\/\/www.cdcipolletti.gob.ar\/wp-content\/uploads\/2026\/03\/WhatsApp-Image-2026-03-19-at-08.42.49-300x225.jpeg\" class=\"pt-cv-thumbnail\" alt=\"\" loading=\"lazy\" srcset=\"https:\/\/www.cdcipolletti.gob.ar\/wp-content\/uploads\/2026\/03\/WhatsApp-Image-2026-03-19-at-08.42.49-300x225.jpeg 300w, https:\/\/www.cdcipolletti.gob.ar\/wp-content\/uploads\/2026\/03\/WhatsApp-Image-2026-03-19-at-08.42.49-1024x768.jpeg 1024w, https:\/\/www.cdcipolletti.gob.ar\/wp-content\/uploads\/2026\/03\/WhatsApp-Image-2026-03-19-at-08.42.49-768x576.jpeg 768w, https:\/\/www.cdcipolletti.gob.ar\/wp-content\/uploads\/2026\/03\/WhatsApp-Image-2026-03-19-at-08.42.49-1536x1152.jpeg 1536w, https:\/\/www.cdcipolletti.gob.ar\/wp-content\/uploads\/2026\/03\/WhatsApp-Image-2026-03-19-at-08.42.49.jpeg 1600w\" sizes=\"(max-width: 300px) 100vw, 300px\" \/><\/a>\n<h4 class=\"pt-cv-title\"><a href=\"https:\/\/www.cdcipolletti.gob.ar\/?p=3320\" class=\"_self\" target=\"_self\" >COMISI\u00d3N DE GOBIERNO ANALIZ\u00d3 EXPEDIENTES DE OBRAS Y SERVICIOS DE CIPOLLETTI<\/a><\/h4>\n<div class=\"pt-cv-content\">El Concejo Deliberante de Cipolletti llev\u00f3 adelante este mi\u00e9rcoles 18 de marzo al mediod\u00eda una nueva reuni\u00f3n de Comisi\u00f3n de ...<br \/><a href=\"https:\/\/www.cdcipolletti.gob.ar\/?p=3320\" class=\"_self pt-cv-readmore btn btn-success\" target=\"_self\">Leer M\u00e1s<\/a><\/div><\/div><\/div>\n<div class=\"col-md-6 col-sm-6 col-xs-12 pt-cv-content-item pt-cv-1-col\" ><div class='pt-cv-ifield'><a href=\"https:\/\/www.cdcipolletti.gob.ar\/?p=3270\" class=\"_self pt-cv-href-thumbnail pt-cv-thumb-default\" target=\"_self\" ><img width=\"300\" height=\"225\" src=\"https:\/\/www.cdcipolletti.gob.ar\/wp-content\/uploads\/2026\/03\/WhatsApp-Image-2026-03-12-at-10.28.3411-300x225.png\" class=\"pt-cv-thumbnail\" alt=\"\" loading=\"lazy\" srcset=\"https:\/\/www.cdcipolletti.gob.ar\/wp-content\/uploads\/2026\/03\/WhatsApp-Image-2026-03-12-at-10.28.3411-300x225.png 300w, https:\/\/www.cdcipolletti.gob.ar\/wp-content\/uploads\/2026\/03\/WhatsApp-Image-2026-03-12-at-10.28.3411-1024x768.png 1024w, https:\/\/www.cdcipolletti.gob.ar\/wp-content\/uploads\/2026\/03\/WhatsApp-Image-2026-03-12-at-10.28.3411-768x576.png 768w, https:\/\/www.cdcipolletti.gob.ar\/wp-content\/uploads\/2026\/03\/WhatsApp-Image-2026-03-12-at-10.28.3411.png 1280w\" sizes=\"(max-width: 300px) 100vw, 300px\" \/><\/a>\n<h4 class=\"pt-cv-title\"><a href=\"https:\/\/www.cdcipolletti.gob.ar\/?p=3270\" class=\"_self\" target=\"_self\" >UNA POR UNA, ESTAS SON LAS &#8220;MUJERES QUE INSPIRAN&#8221; 2026<\/a><\/h4>\n<div class=\"pt-cv-content\">En el marco del Mes de la Mujer, el Concejo Deliberante de Cipolletti realiz\u00f3 una nueva edici\u00f3n del reconocimiento \u201cMujeres ...<br \/><a href=\"https:\/\/www.cdcipolletti.gob.ar\/?p=3270\" class=\"_self pt-cv-readmore btn btn-success\" target=\"_self\">Leer M\u00e1s<\/a><\/div><\/div><\/div>\n<div class=\"col-md-6 col-sm-6 col-xs-12 pt-cv-content-item pt-cv-1-col\" ><div class='pt-cv-ifield'><a href=\"https:\/\/www.cdcipolletti.gob.ar\/?p=3262\" class=\"_self pt-cv-href-thumbnail pt-cv-thumb-default\" target=\"_self\" ><img width=\"300\" height=\"225\" src=\"https:\/\/www.cdcipolletti.gob.ar\/wp-content\/uploads\/2026\/03\/WhatsApp-Image-2026-03-11-at-08.31.00-300x225.jpeg\" class=\"pt-cv-thumbnail\" alt=\"\" loading=\"lazy\" srcset=\"https:\/\/www.cdcipolletti.gob.ar\/wp-content\/uploads\/2026\/03\/WhatsApp-Image-2026-03-11-at-08.31.00-300x225.jpeg 300w, https:\/\/www.cdcipolletti.gob.ar\/wp-content\/uploads\/2026\/03\/WhatsApp-Image-2026-03-11-at-08.31.00-1024x768.jpeg 1024w, https:\/\/www.cdcipolletti.gob.ar\/wp-content\/uploads\/2026\/03\/WhatsApp-Image-2026-03-11-at-08.31.00-768x576.jpeg 768w, https:\/\/www.cdcipolletti.gob.ar\/wp-content\/uploads\/2026\/03\/WhatsApp-Image-2026-03-11-at-08.31.00-1536x1152.jpeg 1536w, https:\/\/www.cdcipolletti.gob.ar\/wp-content\/uploads\/2026\/03\/WhatsApp-Image-2026-03-11-at-08.31.00.jpeg 1600w\" sizes=\"(max-width: 300px) 100vw, 300px\" \/><\/a>\n<h4 class=\"pt-cv-title\"><a href=\"https:\/\/www.cdcipolletti.gob.ar\/?p=3262\" class=\"_self\" target=\"_self\" >EL CONCEJO DELIBERANTE RECONOCI\u00d3 A MUJERES QUE INSPIRAN<\/a><\/h4>\n<div class=\"pt-cv-content\">Este martes 10 de marzo, en el marco del Mes de la Mujer y bajo la Ordenanza de Fondo N\u00b0 ...<br \/><a href=\"https:\/\/www.cdcipolletti.gob.ar\/?p=3262\" class=\"_self pt-cv-readmore btn btn-success\" target=\"_self\">Leer M\u00e1s<\/a><\/div><\/div><\/div>\n<div class=\"col-md-6 col-sm-6 col-xs-12 pt-cv-content-item pt-cv-1-col\" ><div class='pt-cv-ifield'><a href=\"https:\/\/www.cdcipolletti.gob.ar\/?p=3257\" class=\"_self pt-cv-href-thumbnail pt-cv-thumb-default\" target=\"_self\" ><img width=\"300\" height=\"225\" src=\"https:\/\/www.cdcipolletti.gob.ar\/wp-content\/uploads\/2026\/03\/CONCEJALES-APERTURA-300x225.jpeg\" class=\"pt-cv-thumbnail\" alt=\"\" loading=\"lazy\" srcset=\"https:\/\/www.cdcipolletti.gob.ar\/wp-content\/uploads\/2026\/03\/CONCEJALES-APERTURA-300x225.jpeg 300w, https:\/\/www.cdcipolletti.gob.ar\/wp-content\/uploads\/2026\/03\/CONCEJALES-APERTURA-1024x768.jpeg 1024w, https:\/\/www.cdcipolletti.gob.ar\/wp-content\/uploads\/2026\/03\/CONCEJALES-APERTURA-768x576.jpeg 768w, https:\/\/www.cdcipolletti.gob.ar\/wp-content\/uploads\/2026\/03\/CONCEJALES-APERTURA-1536x1152.jpeg 1536w, https:\/\/www.cdcipolletti.gob.ar\/wp-content\/uploads\/2026\/03\/CONCEJALES-APERTURA.jpeg 1600w\" sizes=\"(max-width: 300px) 100vw, 300px\" \/><\/a>\n<h4 class=\"pt-cv-title\"><a href=\"https:\/\/www.cdcipolletti.gob.ar\/?p=3257\" class=\"_self\" target=\"_self\" >CIPOLLETTI INAUGUR\u00d3 EL 39\u00b0 PER\u00cdODO ORDINARIO DE SESIONES LEGISLATIVAS 2026<\/a><\/h4>\n<div class=\"pt-cv-content\">Este viernes 27 se llev\u00f3 adelante el acto de apertura del 39\u00b0 Per\u00edodo Ordinario de Sesiones Legislativas 2026 del Concejo ...<br \/><a href=\"https:\/\/www.cdcipolletti.gob.ar\/?p=3257\" class=\"_self pt-cv-readmore btn btn-success\" target=\"_self\">Leer M\u00e1s<\/a><\/div><\/div><\/div><\/div><\/div>\n<div class=\" pt-cv-pagination-wrapper\"><ul class=\"pt-cv-pagination pt-cv-ajax pagination\" data-totalpages=\"13\" data-currentpage=\"1\" data-sid=\"02918d7o5t\" data-unid=\"\"><li class=\"active\"><a href=\"#\">1<\/a><\/li>\n\t<li ><a class=\"\" href=\"https:\/\/www.cdcipolletti.gob.ar\/index.php\/?_page=2&#038;rest_route=%2Fwp%2Fv2%2Fpages%2F2\">2<\/a><\/li>\n\t<li ><a class=\"\" href=\"https:\/\/www.cdcipolletti.gob.ar\/index.php\/?_page=3&#038;rest_route=%2Fwp%2Fv2%2Fpages%2F2\">3<\/a><\/li>\n\t<li ><a href=\"#\">&hellip;<\/a><\/li>\n\t<li ><a class=\"\" href=\"https:\/\/www.cdcipolletti.gob.ar\/index.php\/?_page=13&#038;rest_route=%2Fwp%2Fv2%2Fpages%2F2\">13<\/a><\/li>\n\t<li ><a class=\" \" href=\"https:\/\/www.cdcipolletti.gob.ar\/index.php\/?_page=2&#038;rest_route=%2Fwp%2Fv2%2Fpages%2F2\">&rsaquo;<\/a><\/li>\n\t<\/ul><img width=\"15\" height=\"15\" class=\"pt-cv-spinner\" alt=\"Loading...\" src=\"data:image\/gif;base64,R0lGODlhDwAPALMPAMrKygwMDJOTkz09PZWVla+vr3p6euTk5M7OzuXl5TMzMwAAAJmZmWZmZszMzP\/\/\/yH\/C05FVFNDQVBFMi4wAwEAAAAh+QQFCgAPACwAAAAADwAPAAAEQvDJaZaZOIcV8iQK8VRX4iTYoAwZ4iCYoAjZ4RxejhVNoT+mRGP4cyF4Pp0N98sBGIBMEMOotl6YZ3S61Bmbkm4mAgAh+QQFCgAPACwAAAAADQANAAAENPDJSRSZeA418itN8QiK8BiLITVsFiyBBIoYqnoewAD4xPw9iY4XLGYSjkQR4UAUD45DLwIAIfkEBQoADwAsAAAAAA8ACQAABC\/wyVlamTi3nSdgwFNdhEJgTJoNyoB9ISYoQmdjiZPcj7EYCAeCF1gEDo4Dz2eIAAAh+QQFCgAPACwCAAAADQANAAAEM\/DJBxiYeLKdX3IJZT1FU0iIg2RNKx3OkZVnZ98ToRD4MyiDnkAh6BkNC0MvsAj0kMpHBAAh+QQFCgAPACwGAAAACQAPAAAEMDC59KpFDll73HkAA2wVY5KgiK5b0RRoI6MuzG6EQqCDMlSGheEhUAgqgUUAFRySIgAh+QQFCgAPACwCAAIADQANAAAEM\/DJKZNLND\/kkKaHc3xk+QAMYDKsiaqmZCxGVjSFFCxB1vwy2oOgIDxuucxAMTAJFAJNBAAh+QQFCgAPACwAAAYADwAJAAAEMNAs86q1yaWwwv2Ig0jUZx3OYa4XoRAfwADXoAwfo1+CIjyFRuEho60aSNYlOPxEAAAh+QQFCgAPACwAAAIADQANAAAENPA9s4y8+IUVcqaWJ4qEQozSoAzoIyhCK2NFU2SJk0hNnyEOhKR2AzAAj4Pj4GE4W0bkJQIAOw==\" \/><div class=\"clear pt-cv-clear-pagination\"><\/div><\/div><\/div>\n","protected":false},"excerpt":{"rendered":"","protected":false},"author":1,"featured_media":0,"parent":0,"menu_order":0,"comment_status":"closed","ping_status":"closed","template":"","meta":[],"_links":{"self":[{"href":"https:\/\/www.cdcipolletti.gob.ar\/index.php?rest_route=\/wp\/v2\/pages\/2"}],"collection":[{"href":"https:\/\/www.cdcipolletti.gob.ar\/index.php?rest_route=\/wp\/v2\/pages"}],"about":[{"href":"https:\/\/www.cdcipolletti.gob.ar\/index.php?rest_route=\/wp\/v2\/types\/page"}],"author":[{"embeddable":true,"href":"https:\/\/www.cdcipolletti.gob.ar\/index.php?rest_route=\/wp\/v2\/users\/1"}],"replies":[{"embeddable":true,"href":"https:\/\/www.cdcipolletti.gob.ar\/index.php?rest_route=%2Fwp%2Fv2%2Fcomments&post=2"}],"version-history":[{"count":13,"href":"https:\/\/www.cdcipolletti.gob.ar\/index.php?rest_route=\/wp\/v2\/pages\/2\/revisions"}],"predecessor-version":[{"id":2916,"href":"https:\/\/www.cdcipolletti.gob.ar\/index.php?rest_route=\/wp\/v2\/pages\/2\/revisions\/2916"}],"wp:attachment":[{"href":"https:\/\/www.cdcipolletti.gob.ar\/index.php?rest_route=%2Fwp%2Fv2%2Fmedia&parent=2"}],"curies":[{"name":"wp","href":"https:\/\/api.w.org\/{rel}","templated":true}]}}