{"id":19,"date":"2021-03-19T08:05:35","date_gmt":"2021-03-19T11:05:35","guid":{"rendered":"http:\/\/192.168.10.125\/cipolletti\/cdcipolletti\/wp\/?page_id=19"},"modified":"2026-04-24T02:05:57","modified_gmt":"2026-04-24T05:05:57","slug":"comisiones","status":"publish","type":"page","link":"https:\/\/www.cdcipolletti.gob.ar\/?page_id=19","title":{"rendered":"Comisiones"},"content":{"rendered":"<p><strong>1. LABOR PARLAMENTARIA<\/strong><\/p>\n<p>Presidencia: Karina Alvarez<br \/>\nIntegrantes:<\/p>\n<p>Presidente del Bloque Juntos Somos R\u00edo Negro: Mart\u00edn Posse<br \/>\nPresidente del Bloque Cambia Cipolletti: H\u00e9ctor Hern\u00e1n Sep\u00falveda<br \/>\nPresidente del Bloque Coalici\u00f3n C\u00edvica ARI: Oscar Andr\u00e9s Langowski<\/p>\n<p><strong>2. COMISI\u00d3N DE GOBIERNO<\/strong><\/p>\n<p>Presidencia: Mart\u00edn Posse<br \/>\nVicepresidencia: Karina Alvarez<br \/>\nIntegrantes:<\/p>\n<p>Adriana Dietrich<br \/>\nOscar Andr\u00e9s Langowski<br \/>\nAna Mar\u00eda Napoli<br \/>\nH\u00e9ctor Hern\u00e1n Sep\u00falveda<\/p>\n<p><strong>3. COMISI\u00d3N DE SERVICIOS P\u00daBLICOS<\/strong><\/p>\n<p>Presidencia: Adriana Dietrich<br \/>\nVicepresidencia: Oscar Andr\u00e9s Langowski<br \/>\nIntegrantes:<\/p>\n<p>Karina Alvarez<br \/>\nAna Mar\u00eda Napoli<br \/>\nMart\u00edn Posse<br \/>\nH\u00e9ctor Hern\u00e1n Sep\u00falveda<\/p>\n<p><strong>4. COMISI\u00d3N DE HACIENDA<\/strong><\/p>\n<p>Presidencia: Karina Alvarez<br \/>\nVicepresidencia: Adriana Dietrich<br \/>\nIntegrantes:<\/p>\n<p>Oscar Andr\u00e9s Langowski<br \/>\nAna Mar\u00eda Napoli<br \/>\nMart\u00edn Posse<br \/>\nH\u00e9ctor Hern\u00e1n Sep\u00falveda<\/p>\n<p><strong>5. COMISI\u00d3N DE DESARROLLO HUMANO Y FAMILIA<\/strong><\/p>\n<p>Presidencia: Karina Alvarez<br \/>\nVicepresidencia: Mart\u00edn Posse<br \/>\nIntegrantes:<\/p>\n<p>Oscar Andr\u00e9s Langowski<br \/>\nAna Mar\u00eda Napoli<br \/>\nAdriana Dietrich<br \/>\nH\u00e9ctor Hern\u00e1n Sep\u00falveda<\/p>\n<p><strong>6. COMISI\u00d3N DE ESTUDIO Y SEGUIMIENTO DE LA PROBLEM\u00c1TICA DE VIOLENCIA INTRA-FAMILIAR<\/strong><\/p>\n<p>Presidencia: Adriana Dietrich<br \/>\nVicepresidencia: Mart\u00edn Posse<br \/>\nIntegrantes:<\/p>\n<p>Karina Alvarez<br \/>\nOscar Andr\u00e9s Langowski<br \/>\nH\u00e9ctor Hern\u00e1n Sep\u00falveda<br \/>\nAna Mar\u00eda Napoli<\/p>\n<p><strong>7. COMISI\u00d3N DE ECOLOG\u00cdA Y MEDIO AMBIENTE<\/strong><\/p>\n<p>Presidencia: Oscar Andr\u00e9s Langowski<br \/>\nVicepresidencia: Adriana Dietrich<br \/>\nIntegrantes:<\/p>\n<p>Karina Alvarez<br \/>\nAna Mar\u00eda Napoli<br \/>\nMart\u00edn Posse<br \/>\nH\u00e9ctor Hern\u00e1n Sep\u00falveda<\/p>\n","protected":false},"excerpt":{"rendered":"<p>1. LABOR PARLAMENTARIA Presidencia: Karina Alvarez Integrantes: Presidente del Bloque Juntos Somos R\u00edo Negro: Mart\u00edn Posse Presidente del Bloque Cambia Cipolletti: H\u00e9ctor Hern\u00e1n Sep\u00falveda Presidente del Bloque Coalici\u00f3n C\u00edvica ARI: Oscar Andr\u00e9s Langowski 2. COMISI\u00d3N DE GOBIERNO Presidencia: Mart\u00edn Posse Vicepresidencia: Karina Alvarez Integrantes: Adriana Dietrich Oscar Andr\u00e9s Langowski Ana Mar\u00eda Napoli H\u00e9ctor Hern\u00e1n Sep\u00falveda &hellip; <\/p>\n<p class=\"link-more\"><a href=\"https:\/\/www.cdcipolletti.gob.ar\/?page_id=19\" class=\"more-link\">more<span class=\"screen-reader-text\"> &#8220;Comisiones&#8221;<\/span><\/a><\/p>\n","protected":false},"author":1,"featured_media":0,"parent":0,"menu_order":0,"comment_status":"closed","ping_status":"closed","template":"","meta":[],"_links":{"self":[{"href":"https:\/\/www.cdcipolletti.gob.ar\/index.php?rest_route=\/wp\/v2\/pages\/19"}],"collection":[{"href":"https:\/\/www.cdcipolletti.gob.ar\/index.php?rest_route=\/wp\/v2\/pages"}],"about":[{"href":"https:\/\/www.cdcipolletti.gob.ar\/index.php?rest_route=\/wp\/v2\/types\/page"}],"author":[{"embeddable":true,"href":"https:\/\/www.cdcipolletti.gob.ar\/index.php?rest_route=\/wp\/v2\/users\/1"}],"replies":[{"embeddable":true,"href":"https:\/\/www.cdcipolletti.gob.ar\/index.php?rest_route=%2Fwp%2Fv2%2Fcomments&post=19"}],"version-history":[{"count":17,"href":"https:\/\/www.cdcipolletti.gob.ar\/index.php?rest_route=\/wp\/v2\/pages\/19\/revisions"}],"predecessor-version":[{"id":3380,"href":"https:\/\/www.cdcipolletti.gob.ar\/index.php?rest_route=\/wp\/v2\/pages\/19\/revisions\/3380"}],"wp:attachment":[{"href":"https:\/\/www.cdcipolletti.gob.ar\/index.php?rest_route=%2Fwp%2Fv2%2Fmedia&parent=19"}],"curies":[{"name":"wp","href":"https:\/\/api.w.org\/{rel}","templated":true}]}}